{"id":347,"date":"2026-03-29T19:32:07","date_gmt":"2026-03-29T17:32:07","guid":{"rendered":"http:\/\/127.0.0.1\/wordpress2\/?page_id=347"},"modified":"2026-04-27T12:33:28","modified_gmt":"2026-04-27T10:33:28","slug":"datenschutz","status":"publish","type":"page","link":"https:\/\/faraon-animations.com\/index.php\/datenschutz\/","title":{"rendered":"Datenschutz"},"content":{"rendered":"\n<div class=\"wp-block-uagb-container uagb-block-60c2ed8c alignfull uagb-is-root-container\"><div class=\"uagb-container-inner-blocks-wrap\">\n<div class=\"wp-block-uagb-container uagb-block-87fcb832\">\n<div class=\"wp-block-uagb-advanced-heading uagb-block-4962847a\"><h3 class=\"uagb-heading-text\">Datenschutz<\/h3><\/div>\n\n\n\n<p style=\"font-size:14px\">\u00a7 1 Allgemeine Informationen<br>In dieser Datenschutzerkl\u00e4rung finden Sie detaillierte Informationen dar\u00fcber, was mit Ihren pers\u00f6nlichen Daten geschieht, wenn Sie unsere Website https:\/\/faraonsandra.myportfolio.com\u00a0besuchen. Alle Daten, die eine pers\u00f6nliche Identifizierung Ihrerseits erm\u00f6glichen, sind personenbezogene Daten. Bei der Verarbeitung Ihrer Daten halten wir uns strikt an die gesetzlichen Vorgaben, insbesondere die Datenschutzgrundverordnung (\u201eDSGVO\u201c). Uns ist es sehr wichtig, dass Ihr Besuch auf unserer Website vollkommen sicher ist.<br>\u00a7 2 Verantwortliche Stelle<br>Die Verantwortung f\u00fcr die Erhebung und Verarbeitung personenbezogener Daten auf dieser Website liegt datenschutzrechtlich bei:<br>\u00a0 \u00a0 \u00a0\u2022\u00a0Vorname, Name:\u00a0Oleksandra Faraon<br>\u00a0 \u00a0 \u00a0\u2022\u00a0Stra\u00dfe, Hausnummer, Postleitzahl, Ort:\u00a0Wilhelm-Guddorf-Str. 10365, Berlin<br>\u00a0 \u00a0 \u00a0\u2022\u00a0Land:\u00a0Deutschland<br>\u00a0 \u00a0 \u00a0\u2022\u00a0E-Mail:\u00a0sandra@faraon-animations.com<br>\u00a0 \u00a0 \u00a0\u2022\u00a0Tel.:\u00a001631318667<br>\u00a7 3 Zugriffsdaten (Server-Logfiles)<br>Wenn Sie unsere Website aufrufen, erheben wir automatisch Zugriffsdaten, die Ihr Browser uns \u00fcbermittelt, und speichern sie in sogenannten Server-Logfiles. Folgende Punkte sind dies:<br>In der Regel ist es uns nicht m\u00f6glich und auch nicht unsere Absicht, diese Daten einer bestimmten Person zuzuordnen. Die Verarbeitung dieser Daten erfolgt gem\u00e4\u00df Art. 6 Abs. 1 lit. f DSGVO, um unser berechtigtes Interesse an der Verbesserung der Stabilit\u00e4t und Funktionalit\u00e4t unserer Website zu wahren.<br>\u00a7 4 Cookies<br>Wir setzen sogenannte Cookies ein, um den Besuch unserer Website attraktiv zu gestalten und die Nutzung bestimmter Funktionen zu erm\u00f6glichen. Dies sind kleine Textdateien, die auf Ihrem Endger\u00e4t gespeichert werden. Cookies sind nicht in der Lage, Programme auszuf\u00fchren oder Viren auf Ihr Computersystem zu \u00fcbertragen.<br>Notwendige Cookies, die f\u00fcr die elektronische Kommunikation oder die Bereitstellung gew\u00fcnschter Funktionen erforderlich sind, werden gem\u00e4\u00df Art. 6 Abs. 1 lit. f DSGVO gespeichert. Unser berechtigtes Interesse an der Speicherung dient der technisch einwandfreien und optimierten Bereitstellung unserer Dienste. Andere Cookies (z.B. zur Analyse Ihres Surfverhaltens) werden in dieser Datenschutzerkl\u00e4rung gesondert behandelt.<br>Wir verwenden haupts\u00e4chlich sogenannte \u201eSession-Cookies\u201c, welche nach Beendigung Ihres Besuchs automatisch gel\u00f6scht werden. Dar\u00fcber hinaus setzen wir Cookies ein, die auf Ihrem Endger\u00e4t gespeichert bleiben, bis Sie diese selbst entfernen. Diese erm\u00f6glichen uns, Ihren Browser bei Ihrem n\u00e4chsten Besuch wiederzuerkennen.<br>Sie k\u00f6nnen Ihren Browser so einstellen, dass Sie benachrichtigt werden, wenn Cookies gesetzt werden sollen. Sie k\u00f6nnen dann entscheiden, ob Sie Cookies im Einzelfall erlauben, ob Sie Cookies f\u00fcr bestimmte F\u00e4lle zulassen oder ob Sie Cookies generell ablehnen m\u00f6chten. Sie k\u00f6nnen auch einstellen, dass Cookies automatisch gel\u00f6scht werden, wenn Sie den Browser schlie\u00dfen. Bitte beachten Sie, dass die Funktionalit\u00e4t dieser Website eingeschr\u00e4nkt sein kann, wenn Sie Cookies deaktivieren.<br>\u00a7 5 Kontaktaufnahme<br>Wenn Sie mit uns Kontakt aufnehmen, einschlie\u00dflich per E-Mail, werden die dabei \u00fcbermittelten Daten, einschlie\u00dflich Ihrer Kontaktdaten, gespeichert, um Ihre Anfrage zu bearbeiten und f\u00fcr eventuelle R\u00fcckfragen zur Verf\u00fcgung zu stehen. Eine Weitergabe dieser Daten an Dritte erfolgt ohne Ihre ausdr\u00fcckliche Einwilligung nicht.<br>Die Verarbeitung der Sie betreffenden personenbezogenen Daten erfolgt ausschlie\u00dflich auf der Grundlage Ihrer gem\u00e4\u00df Art. 6 Abs. 1 lit. a DSGVO erteilten Einwilligung. Sie haben das Recht, diese Einwilligung jederzeit und ohne Angabe von Gr\u00fcnden zu widerrufen. Eine formlose Mitteilung per E-Mail an uns gen\u00fcgt f\u00fcr den Widerruf. Die Rechtm\u00e4\u00dfigkeit der vor dem Widerruf durchgef\u00fchrten Datenverarbeitungen wird durch den Widerruf nicht ber\u00fchrt.<br>Die \u00fcbermittelten Daten werden bei uns gespeichert, bis Sie uns zur L\u00f6schung auffordern, Ihre Einwilligung zur Speicherung widerrufen oder die Notwendigkeit zur Datenspeicherung entf\u00e4llt. Gesetzliche Aufbewahrungsfristen bleiben hiervon unber\u00fchrt.<br>\u00a7 6 Speicherdauer von Kommentaren<br>Wir speichern sowohl die Kommentare der Nutzer als auch die zugeh\u00f6rigen Daten, einschlie\u00dflich IP-Adressen. Die Speicherung dieser Daten erfolgt, bis der Kommentar entweder vom Nutzer selbst entfernt wird oder eine rechtliche Verpflichtung zur L\u00f6schung besteht.<br>\u00a7 7 Kundenkonto<br>Die Erstellung eines Kundenkontos setzt Ihre Einwilligung zur Speicherung Ihrer Stammdaten (Name, Adresse, E-Mail-Adresse, Bankverbindung) und Nutzungsdaten (Benutzername, Passwort) voraus. Diese Daten werden gespeichert, um Ihnen die M\u00f6glichkeit zu geben, Bestellungen \u00fcber Ihr Kundenkonto mit Ihrer E-Mail-Adresse und Ihrem Passwort durchzuf\u00fchren.<br>\u00a7 8 Online-Zahlungen<br>Um Ihre Bestellung in unserem Onlineshop bearbeiten zu k\u00f6nnen, ben\u00f6tigen wir bestimmte personenbezogene Daten von Ihnen. Die Pflichtangaben, die zur Erf\u00fcllung des Vertrags erforderlich sind, sind entsprechend gekennzeichnet. Abh\u00e4ngig von der von Ihnen gew\u00e4hlten Zahlungsmethode werden die f\u00fcr die Zahlungsabwicklung relevanten Daten an den entsprechenden Zahlungsdienstleister \u00fcbermittelt. Rechtsgrundlage f\u00fcr die Verarbeitung Ihrer Daten ist Art. 6 Abs. 1 S. 1 lit. b DSGVO.<br>\u00a7 9 Verwendung und Weitergabe von Daten<br>Wir versichern Ihnen, dass personenbezogene Daten, die Sie uns z.B.\u00a0bei einer Bestellung oder\u00a0per E-Mail mitteilen (wie Ihr Name, Ihre Adresse oder Ihre E-Mail-Adresse), nicht an Dritte verkauft oder anderweitig kommerziell genutzt werden. Die Verarbeitung Ihrer Daten erfolgt ausschlie\u00dflich zum Zwecke der Korrespondenz mit Ihnen und zur Erf\u00fcllung des Zwecks, f\u00fcr den Sie uns die Daten zur Verf\u00fcgung gestellt haben. Im Rahmen der Zahlungsabwicklung werden Ihre Zahlungsdaten an das beauftragte Kreditinstitut weitergeleitet.<br>Die bei Ihrem Besuch unserer Website automatisch erhobenen Daten werden ausschlie\u00dflich f\u00fcr die oben genannten Zwecke verwendet. Eine anderweitige Nutzung der Daten erfolgt nicht.<br>Der Schutz Ihrer personenbezogenen Daten ist uns wichtig. Wir geben Ihre Daten daher grunds\u00e4tzlich nicht an Dritte weiter, es sei denn, eine gesetzliche Verpflichtung zur Weitergabe besteht oder Sie uns Ihre ausdr\u00fcckliche Einwilligung erteilt haben.<br>\u00a7 10 Verschl\u00fcsselung (SSL\/TLS)<br>Unsere Website verwendet eine SSL- bzw. TLS-Verschl\u00fcsselung, um die Sicherheit und den Schutz der \u00dcbertragung von vertraulichen Inhalten zu gew\u00e4hrleisten. Dies betrifft insbesondere\u00a0Bestellungen oder\u00a0-Anfragen, die Sie als Seitenbesucher an uns als Betreiber der Website senden. Eine verschl\u00fcsselte Verbindung ist durch das \u201ehttps:\/\/&#8221; in der Adresszeile Ihres Browsers sowie das Schloss-Symbol in Ihrer Browserzeile erkennbar.<br>Die Aktivierung der SSL- bzw. TLS-Verschl\u00fcsselung bewirkt, dass die von Ihnen an uns gesendeten Daten nicht von unbefugten Dritten mitgelesen werden k\u00f6nnen.<br>\u00a7 11 Speicherdauer<br>Die Speicherung Ihrer personenbezogenen Daten, die Sie uns \u00fcber unsere Website \u00fcbermitteln, erfolgt nur f\u00fcr die Dauer, die zur Erreichung des jeweiligen Zwecks der Datenverarbeitung notwendig ist. In \u00dcbereinstimmung mit handels- und steuerrechtlichen Aufbewahrungspflichten kann die Speicherung bestimmter Daten jedoch bis zu 10 Jahre dauern.<br>\u00a7 12 Ihre Datenschutzrechte<br>Als betroffene Person der Datenverarbeitung haben Sie, in \u00dcbereinstimmung mit den gesetzlichen Bestimmungen, die folgenden Rechte gegen\u00fcber dem Verantwortlichen bez\u00fcglich Ihrer personenbezogenen Daten:<br>A. Widerrufsrecht<br>Viele Datenverarbeitungen sind nur mit Ihrer ausdr\u00fccklichen Zustimmung m\u00f6glich. Wenn die Verarbeitung Ihrer Daten auf Ihrer Einwilligung basiert, haben Sie das Recht, diese Einwilligung gem\u00e4\u00df Art. 7 Abs. 3 DSGVO jederzeit mit Wirkung f\u00fcr die Zukunft zu widerrufen. Die Rechtm\u00e4\u00dfigkeit der Datenverarbeitung, die bis zum Widerruf auf der Grundlage Ihrer Einwilligung erfolgt ist, bleibt davon unber\u00fchrt. Die Speicherung der Daten f\u00fcr Abrechnungs- und Buchhaltungszwecke wird von einem Widerruf nicht beeinflusst.<br>B. Auskunftsrecht<br>Gem\u00e4\u00df Art. 15 DSGVO haben Sie das Recht, von uns eine Best\u00e4tigung dar\u00fcber zu verlangen, ob wir Ihre personenbezogenen Daten verarbeiten. Ist dies der Fall, so haben Sie Anspruch auf Auskunft \u00fcber diese Daten, einschlie\u00dflich der Verarbeitungszwecke, der Kategorien der verarbeiteten Daten, der Empf\u00e4nger oder Kategorien von Empf\u00e4ngern, gegen\u00fcber denen die Daten offengelegt wurden oder werden, die geplante Speicherdauer bzw. die Kriterien f\u00fcr deren Festlegung, das Bestehen eines Rechts auf Berichtigung, L\u00f6schung, Einschr\u00e4nkung der Verarbeitung, Widerspruch gegen die Verarbeitung, Beschwerde bei einer Aufsichtsbeh\u00f6rde, die Herkunft der Daten, sofern diese nicht bei Ihnen erhoben wurden, das Bestehen einer automatisierten Entscheidungsfindung einschlie\u00dflich Profiling und ggf. aussagekr\u00e4ftige Informationen \u00fcber die involvierte Logik sowie die Sie betreffende Tragweite und die angestrebten Auswirkungen einer solchen Verarbeitung, sowie Ihr Recht auf Unterrichtung, welche Garantien gem\u00e4\u00df Art. 46 DSGVO bei Weiterleitung Ihrer Daten in Drittl\u00e4nder bestehen.<br>C. Recht auf Berichtigung<br>Sie haben das Recht, jederzeit gem\u00e4\u00df Art. 16 DSGVO die Korrektur unrichtiger personenbezogener Daten, die Sie betreffen, und\/oder die Erg\u00e4nzung Ihrer unvollst\u00e4ndigen Daten von uns zu verlangen.<br>D. Recht auf L\u00f6schung<br>Sie haben das Recht, gem\u00e4\u00df Art. 17 DSGVO die L\u00f6schung Ihrer personenbezogenen Daten zu verlangen, wenn einer der folgenden Gr\u00fcnde vorliegt:<br>a.\u00a0Ihre personenbezogenen Daten werden nicht mehr f\u00fcr die Zwecke ben\u00f6tigt, f\u00fcr die sie erhoben oder anderweitig verarbeitet wurden.<br>b.\u00a0Sie widerrufen Ihre Zustimmung, die die Verarbeitung gem\u00e4\u00df Art. 6 Abs. 1 lit. a oder Art. 9 Abs. 2 lit. a DSGVO legitimierte, und es besteht keine andere Rechtsgrundlage f\u00fcr die Verarbeitung.<br>c.\u00a0Sie widersprechen der Verarbeitung gem\u00e4\u00df Art. 21 Abs. 1 DSGVO und es gibt keine zwingenden schutzw\u00fcrdigen Gr\u00fcnde f\u00fcr die Verarbeitung, oder Sie widersprechen der Verarbeitung gem\u00e4\u00df Art. 21 Abs. 2 DSGVO.<br>d.\u00a0Es liegt eine unrechtm\u00e4\u00dfige Verarbeitung der personenbezogenen Daten vor.<br>e.\u00a0Wir sind aufgrund einer rechtlichen Verpflichtung nach dem Unionsrecht oder dem Recht des Mitgliedstaates, dem wir unterliegen, zur L\u00f6schung der personenbezogenen Daten verpflichtet.<br>f.\u00a0Die Erhebung der personenbezogenen Daten erfolgte im Zusammenhang mit der Bereitstellung von Diensten der Informationsgesellschaft gem\u00e4\u00df Art. 8 Abs. 1 DSGVO.<br>Unter folgenden Umst\u00e4nden kann dieses Recht eingeschr\u00e4nkt sein, wenn die Verarbeitung unerl\u00e4sslich ist:<br>a.\u00a0um einer rechtlichen Verpflichtung nachzukommen, die die Verarbeitung nach dem Recht der Union oder des Mitgliedstaates, dem wir unterliegen, erfordert, oder um eine Aufgabe im \u00f6ffentlichen Interesse oder in Aus\u00fcbung \u00f6ffentlicher Gewalt wahrzunehmen;<br>b.\u00a0zur Erf\u00fcllung einer rechtlichen Verpflichtung, die die Verarbeitung nach dem Recht der Union oder des Mitgliedstaates, dem wir unterliegen, erfordert, oder zur Wahrnehmung einer Aufgabe, die im \u00f6ffentlichen Interesse liegt oder in Aus\u00fcbung \u00f6ffentlicher Gewalt erfolgt, die uns \u00fcbertragen wurde;<br>c.\u00a0aus Gr\u00fcnden des \u00f6ffentlichen Interesses im Bereich der \u00f6ffentlichen Gesundheit gem\u00e4\u00df Art. 9 Abs. 2 lit. h und i sowie Art. 9 Abs. 3 DSGVO;<br>d.\u00a0f\u00fcr Archivzwecke, wissenschaftliche oder historische Forschungszwecke oder f\u00fcr statistische Zwecke gem\u00e4\u00df Art. 89 Abs. 1 DSGVO, die im \u00f6ffentlichen Interesse liegen, sofern die Wahrung der Rechte der betroffenen Person die Ziele dieser Verarbeitung unm\u00f6glich machen oder ernsthaft beeintr\u00e4chtigen w\u00fcrde; oder<br>e.\u00a0zur Geltendmachung, Aus\u00fcbung oder Verteidigung von Rechtsanspr\u00fcchen.<br>Sollten wir Ihre personenbezogenen Daten \u00f6ffentlich gemacht haben und gem\u00e4\u00df den vorherigen Bestimmungen zu deren L\u00f6schung verpflichtet sein, so ergreifen wir unter Ber\u00fccksichtigung der verf\u00fcgbaren Technologie und der Implementierungskosten angemessene Ma\u00dfnahmen, auch technischer Art, um die f\u00fcr die Datenverarbeitung Verantwortlichen, die diese Daten verarbeiten, dar\u00fcber in Kenntnis zu setzen, dass Sie als betroffene Person die L\u00f6schung aller Links zu Ihren personenbezogenen Daten oder von Kopien oder Replikationen dieser Daten verlangt haben.<br>E. Recht auf Einschr\u00e4nkung der Verarbeitung<br>Gem\u00e4\u00df Art. 18 DSGVO haben Sie das Recht, die Einschr\u00e4nkung der Verarbeitung (Sperrung) Ihrer personenbezogenen Daten zu verlangen. Um dieses Recht auszu\u00fcben, k\u00f6nnen Sie sich jederzeit an uns wenden. Die Kontaktdaten finden Sie im Impressum. Eine Einschr\u00e4nkung der Verarbeitung kann in folgenden F\u00e4llen verlangt werden:<br>a.\u00a0Wenn Sie die Richtigkeit Ihrer bei uns gespeicherten personenbezogenen Daten bestreiten, ben\u00f6tigen wir in der Regel Zeit, um dies zu \u00fcberpr\u00fcfen. F\u00fcr die Dauer der Pr\u00fcfung haben Sie das Recht, die Einschr\u00e4nkung der Verarbeitung Ihrer personenbezogenen Daten zu verlangen.<br>b.\u00a0Wenn die Verarbeitung Ihrer personenbezogenen Daten unrechtm\u00e4\u00dfig geschah \/ geschieht, k\u00f6nnen Sie statt der L\u00f6schung die Einschr\u00e4nkung der Datenverarbeitung verlangen.<br>c.\u00a0Wenn wir Ihre personenbezogenen Daten nicht mehr ben\u00f6tigen, Sie sie jedoch zur Aus\u00fcbung, Verteidigung oder Geltendmachung von Rechtsanspr\u00fcchen ben\u00f6tigen, haben Sie das Recht, statt der L\u00f6schung die Einschr\u00e4nkung der Verarbeitung Ihrer personenbezogenen Daten zu verlangen.<br>d.\u00a0Wenn Sie einen Widerspruch nach Art. 21 Abs. 1 DSGVO eingelegt haben, muss eine Abw\u00e4gung zwischen Ihren und unseren Interessen vorgenommen werden. Solange noch nicht feststeht, wessen Interessen \u00fcberwiegen, haben Sie das Recht, die Einschr\u00e4nkung der Verarbeitung Ihrer personenbezogenen Daten zu verlangen.<br>Nach einer Einschr\u00e4nkung der Verarbeitung Ihrer personenbezogenen Daten d\u00fcrfen diese grunds\u00e4tzlich nur noch mit Ihrer Einwilligung verarbeitet werden. Ausnahmen gelten f\u00fcr bestimmte, gesetzlich definierte F\u00e4lle, wie beispielsweise zur Geltendmachung von Rechtsanspr\u00fcchen oder zum Schutz \u00f6ffentlicher Interessen.<br>F. Recht auf Unterrichtung<br>Sollten Sie von Ihrem Recht auf Berichtigung, L\u00f6schung oder Einschr\u00e4nkung der Verarbeitung Ihrer personenbezogenen Daten Gebrauch machen, sind wir gem\u00e4\u00df Art. 19 DSGVO verpflichtet, alle Empf\u00e4nger, denen die Daten offengelegt wurden, dar\u00fcber zu informieren. Dies gilt nur dann nicht, wenn sich die Mitteilung als unm\u00f6glich erweist oder mit einem unverh\u00e4ltnism\u00e4\u00dfigen Aufwand verbunden ist. Auf Ihren Wunsch hin teilen wir Ihnen die Empf\u00e4nger Ihrer Daten mit.<br>G. Schutz vor automatisierten Entscheidungen (Profiling)<br>Gem\u00e4\u00df Art. 22 DSGVO haben Sie das Recht, nicht einer ausschlie\u00dflich auf automatisierter Verarbeitung \u2013 einschlie\u00dflich Profiling \u2013 beruhenden Entscheidung unterworfen zu werden, die Ihnen gegen\u00fcber rechtliche Wirkung entfaltet oder Sie in \u00e4hnlicher Weise erheblich beeintr\u00e4chtigt.<br>Dies gilt nicht, wenn die Entscheidung<br>a.\u00a0f\u00fcr den Abschluss oder die Erf\u00fcllung eines Vertrags zwischen Ihnen und uns notwendig ist,<br>b.\u00a0gem\u00e4\u00df Rechtsvorschriften der Union oder der Mitgliedstaaten, denen der Verantwortliche unterliegt, zul\u00e4ssig ist und diese Vorschriften angemessene Ma\u00dfnahmen zur Wahrung Ihrer Rechte, Freiheiten und berechtigten Interessen enthalten oder<br>c.\u00a0mit Ihrer ausdr\u00fccklichen Zustimmung erfolgt ist.<br>Die Entscheidungen in den unter (a) bis (c) genannten F\u00e4llen d\u00fcrfen jedoch nicht auf besonderen Kategorien personenbezogener Daten im Sinne von Art. 9 Abs. 1 DSGVO beruhen, es sei denn, Art. 9 Abs. 2 lit. a oder lit. g findet Anwendung und es wurden geeignete Ma\u00dfnahmen zum Schutz der Rechte und Freiheiten sowie Ihrer berechtigten Interessen getroffen.<br>In den unter (a) und (c) genannten F\u00e4llen ergreifen wir angemessene Ma\u00dfnahmen, um Ihre Rechte und Freiheiten sowie Ihre berechtigten Interessen zu sch\u00fctzen. Dazu geh\u00f6rt mindestens das Recht, ein menschliches Eingreifen durch den Verantwortlichen zu verlangen, Ihren eigenen Standpunkt darzulegen und die Entscheidung anzufechten.<br>H. Recht auf Daten\u00fcbertragbarkeit<br>m Falle einer Verarbeitung Ihrer personenbezogenen Daten, die auf Ihrer Einwilligung gem\u00e4\u00df Art. 6 Abs. 1 lit. a DSGVO oder Art. 9 Abs. 2 lit. a DSGVO oder auf einem Vertrag gem\u00e4\u00df Art. 6 Abs. 1 lit. b DSGVO beruht und mithilfe automatisierter Verfahren erfolgt, haben Sie nach Art. 20 DSGVO das Recht, Ihre uns bereitgestellten Daten in einem strukturierten, g\u00e4ngigen und maschinenlesbaren Format zu erhalten und diese an einen anderen Verantwortlichen zu \u00fcbermitteln oder die \u00dcbermittlung durch uns an einen anderen Verantwortlichen zu verlangen, sofern dies technisch realisierbar ist.<br>I. Widerspruchsrecht<br>Wenn wir Ihre personenbezogenen Daten auf Grundlage einer Interessenabw\u00e4gung gem\u00e4\u00df Art. 6 Abs. 1 lit. f DSGVO verarbeiten, steht Ihnen das Recht zu, aus Gr\u00fcnden, die sich aus Ihrer pers\u00f6nlichen Situation ergeben, jederzeit Widerspruch gegen diese Verarbeitung einzulegen; dies gilt auch f\u00fcr ein darauf basierendes Profiling. Die jeweils geltende Rechtsgrundlage f\u00fcr die Verarbeitung k\u00f6nnen Sie dieser Datenschutzerkl\u00e4rung entnehmen. Im Falle eines Widerspruchs werden wir Ihre betroffenen personenbezogenen Daten nicht mehr verarbeiten, es sei denn, wir k\u00f6nnen zwingende schutzw\u00fcrdige Gr\u00fcnde f\u00fcr die Verarbeitung nachweisen, die Ihre Interessen, Rechte und Freiheiten \u00fcberwiegen, oder die Verarbeitung ist f\u00fcr die Geltendmachung, Aus\u00fcbung oder Verteidigung von Rechtsanspr\u00fcchen erforderlich (Widerspruch gem\u00e4\u00df Art. 21 Abs. 1 DSGVO).<br>Im Falle der Verarbeitung Ihrer personenbezogenen Daten zum Zwecke der Direktwerbung sind Sie berechtigt, jederzeit Widerspruch gegen diese Verarbeitung einzulegen; dies gilt auch f\u00fcr das Profiling, sofern es mit solcher Direktwerbung in Verbindung steht. Im Falle eines Widerspruchs werden Ihre personenbezogenen Daten nicht mehr f\u00fcr Direktwerbungszwecke verwendet (Widerspruch gem\u00e4\u00df Art. 21 Abs. 2 DSGVO).<br>In Bezug auf die Nutzung von Diensten der Informationsgesellschaft haben Sie, ungeachtet der Richtlinie 2002\/58\/EG, die M\u00f6glichkeit, Ihr Widerspruchsrecht mittels automatisierter Verfahren, unter Anwendung technischer Spezifikationen, auszu\u00fcben.<br>J. Beschwerderecht bei der zust\u00e4ndigen Aufsichtsbeh\u00f6rde gem\u00e4\u00df Art. 77 DSGVO<br>Im Falle von Verst\u00f6\u00dfen gegen die Bestimmungen der DSGVO steht den betroffenen Personen ein Recht zur Beschwerde bei einer zust\u00e4ndigen Aufsichtsbeh\u00f6rde zu. Die Beschwerde kann insbesondere in dem Mitgliedstaat, in dem die betroffene Person ihren gew\u00f6hnlichen Aufenthalt, ihren Arbeitsplatz hat oder in dem der Ort des mutma\u00dflichen Versto\u00dfes liegt, eingelegt werden. Das Beschwerderecht nach dieser Bestimmung besteht unbeschadet anderweitiger verwaltungsrechtlicher oder gerichtlicher Rechtsbehelfe.<br>Unsere zust\u00e4ndige Aufsichtsbeh\u00f6rde ist:<br>\u00a7 13 G\u00fcltigkeit und \u00c4nderung dieser Datenschutzerkl\u00e4rung<br>Diese Datenschutzerkl\u00e4rung tritt am 16.03.2026 in Kraft. Wir behalten uns vor, diese Erkl\u00e4rung bei Bedarf und unter Einhaltung der geltenden Datenschutzgesetze zu \u00e4ndern. Dies kann beispielsweise erforderlich sein, um neuen rechtlichen Anforderungen gerecht zu werden oder um \u00c4nderungen an unserer Website oder neuen, \u00fcber unsere Website angebotenen Diensten zu ber\u00fccksichtigen. Die jeweils aktuelle Version der Datenschutzerkl\u00e4rung, die zum Zeitpunkt Ihres Besuchs auf unserer Website abrufbar ist, ist bindend.<br>Im Falle von \u00c4nderungen an dieser Datenschutzerkl\u00e4rung werden wir diese auf dieser Seite ver\u00f6ffentlichen, um Sie umfassend dar\u00fcber zu informieren, welche personenbezogenen Daten wir erfassen, wie wir sie verarbeiten und unter welchen Bedingungen wir sie gegebenenfalls weitergeben.<\/p>\n<\/div>\n<\/div><\/div>\n\n\n\n<p><\/p>\n","protected":false},"excerpt":{"rendered":"<p>Datenschutz \u00a7 1 Allgemeine InformationenIn dieser Datenschutzerkl\u00e4rung finden Sie detaillierte Informationen dar\u00fcber, was mit Ihren pers\u00f6nlichen Daten geschieht, wenn Sie [&hellip;]<\/p>\n","protected":false},"author":1,"featured_media":0,"parent":0,"menu_order":0,"comment_status":"closed","ping_status":"closed","template":"","meta":{"_uag_custom_page_level_css":"","site-sidebar-layout":"default","site-content-layout":"","ast-site-content-layout":"default","site-content-style":"default","site-sidebar-style":"default","ast-global-header-display":"","ast-banner-title-visibility":"","ast-main-header-display":"","ast-hfb-above-header-display":"","ast-hfb-below-header-display":"","ast-hfb-mobile-header-display":"","site-post-title":"disabled","ast-breadcrumbs-content":"","ast-featured-img":"","footer-sml-layout":"","ast-disable-related-posts":"","theme-transparent-header-meta":"","adv-header-id-meta":"","stick-header-meta":"","header-above-stick-meta":"","header-main-stick-meta":"","header-below-stick-meta":"","astra-migrate-meta-layouts":"default","ast-page-background-enabled":"default","ast-page-background-meta":{"desktop":{"background-color":"var(--ast-global-color-5)","background-image":"","background-repeat":"repeat","background-position":"center center","background-size":"auto","background-attachment":"scroll","background-type":"","background-media":"","overlay-type":"","overlay-color":"","overlay-opacity":"","overlay-gradient":""},"tablet":{"background-color":"","background-image":"","background-repeat":"repeat","background-position":"center center","background-size":"auto","background-attachment":"scroll","background-type":"","background-media":"","overlay-type":"","overlay-color":"","overlay-opacity":"","overlay-gradient":""},"mobile":{"background-color":"","background-image":"","background-repeat":"repeat","background-position":"center center","background-size":"auto","background-attachment":"scroll","background-type":"","background-media":"","overlay-type":"","overlay-color":"","overlay-opacity":"","overlay-gradient":""}},"ast-content-background-meta":{"desktop":{"background-color":"var(--ast-global-color-4)","background-image":"","background-repeat":"repeat","background-position":"center center","background-size":"auto","background-attachment":"scroll","background-type":"","background-media":"","overlay-type":"","overlay-color":"","overlay-opacity":"","overlay-gradient":""},"tablet":{"background-color":"var(--ast-global-color-4)","background-image":"","background-repeat":"repeat","background-position":"center center","background-size":"auto","background-attachment":"scroll","background-type":"","background-media":"","overlay-type":"","overlay-color":"","overlay-opacity":"","overlay-gradient":""},"mobile":{"background-color":"var(--ast-global-color-4)","background-image":"","background-repeat":"repeat","background-position":"center center","background-size":"auto","background-attachment":"scroll","background-type":"","background-media":"","overlay-type":"","overlay-color":"","overlay-opacity":"","overlay-gradient":""}},"footnotes":""},"class_list":["post-347","page","type-page","status-publish","hentry"],"uagb_featured_image_src":{"full":false,"thumbnail":false,"medium":false,"medium_large":false,"large":false,"1536x1536":false,"2048x2048":false},"uagb_author_info":{"display_name":"Porosionok","author_link":"https:\/\/faraon-animations.com\/index.php\/author\/porosionok\/"},"uagb_comment_info":0,"uagb_excerpt":"Datenschutz \u00a7 1 Allgemeine InformationenIn dieser Datenschutzerkl\u00e4rung finden Sie detaillierte Informationen dar\u00fcber, was mit Ihren pers\u00f6nlichen Daten geschieht, wenn Sie [&hellip;]","_links":{"self":[{"href":"https:\/\/faraon-animations.com\/index.php\/wp-json\/wp\/v2\/pages\/347","targetHints":{"allow":["GET"]}}],"collection":[{"href":"https:\/\/faraon-animations.com\/index.php\/wp-json\/wp\/v2\/pages"}],"about":[{"href":"https:\/\/faraon-animations.com\/index.php\/wp-json\/wp\/v2\/types\/page"}],"author":[{"embeddable":true,"href":"https:\/\/faraon-animations.com\/index.php\/wp-json\/wp\/v2\/users\/1"}],"replies":[{"embeddable":true,"href":"https:\/\/faraon-animations.com\/index.php\/wp-json\/wp\/v2\/comments?post=347"}],"version-history":[{"count":16,"href":"https:\/\/faraon-animations.com\/index.php\/wp-json\/wp\/v2\/pages\/347\/revisions"}],"predecessor-version":[{"id":2098,"href":"https:\/\/faraon-animations.com\/index.php\/wp-json\/wp\/v2\/pages\/347\/revisions\/2098"}],"wp:attachment":[{"href":"https:\/\/faraon-animations.com\/index.php\/wp-json\/wp\/v2\/media?parent=347"}],"curies":[{"name":"wp","href":"https:\/\/api.w.org\/{rel}","templated":true}]}}