{"id":345,"date":"2026-03-29T19:31:21","date_gmt":"2026-03-29T17:31:21","guid":{"rendered":"http:\/\/127.0.0.1\/wordpress2\/?page_id=345"},"modified":"2026-04-09T12:25:02","modified_gmt":"2026-04-09T10:25:02","slug":"impressum","status":"publish","type":"page","link":"https:\/\/faraon-animations.com\/index.php\/impressum\/","title":{"rendered":"Impressum"},"content":{"rendered":"\n<div class=\"wp-block-uagb-container uagb-block-60c2ed8c alignfull uagb-is-root-container\"><div class=\"uagb-container-inner-blocks-wrap\">\n<div class=\"wp-block-uagb-container uagb-block-73eddb37\">\n<div class=\"wp-block-uagb-advanced-heading uagb-block-4962847a\"><h3 class=\"uagb-heading-text\">Impressum<\/h3><\/div>\n\n\n\n<p style=\"font-size:14px\">Oleksandra Faraon<br>Grafikdesign, Illustration, Mediendesign<br>Wilhelm-Guddorf-Stra\u00dfe<br>10365 Berlin<br>Kontakt<br>Telefon: 01631318667<br>E-Mail: faraonsandra@gmail.com<br>Umsatzsteuer-ID<br>Umsatzsteuer-Identifikationsnummer gem\u00e4\u00df \u00a7 27 a Umsatzsteuergesetz:<br>DE458289557<br>Redaktionell verantwortlich<br>Oleksandra Faraon<br>Verbraucherstreitbeilegung\/Universalschlichtungsstelle<br>Wir nehmen an einem Streitbeilegungsverfahren vor einer Verbraucherschlichtungsstelle teil. Zust\u00e4ndig ist<br>die Universalschlichtungsstelle des Zentrums f\u00fcr Schlichtung e.V., Stra\u00dfburger Stra\u00dfe 8, 77694 Kehl am Rhein (https:\/\/www.verbraucher-schlichter.de).<br>Zentrale Kontaktstelle nach dem Digital Services Act &#8211; DSA<br>(Verordnung (EU) 2022\/265)<br>Unsere zentrale Kontaktstelle f\u00fcr Nutzer und Beh\u00f6rden nach Art. 11, 12 DSA erreichen Sie wie folgt: E-Mail: faraonsandra@gmail.com<br>Telefon: 01631318667<br>Die f\u00fcr den Kontakt zur Verf\u00fcgung stehenden Sprachen sind: Deutsch, Englisch.<\/p>\n<\/div>\n\n\n\n<p style=\"font-size:14px\"><\/p>\n<\/div><\/div>\n\n\n\n<p><\/p>\n\n\n\n<p><\/p>\n","protected":false},"excerpt":{"rendered":"<p>Impressum Oleksandra FaraonGrafikdesign, Illustration, MediendesignWilhelm-Guddorf-Stra\u00dfe10365 BerlinKontaktTelefon: 01631318667E-Mail: faraonsandra@gmail.comUmsatzsteuer-IDUmsatzsteuer-Identifikationsnummer gem\u00e4\u00df \u00a7 27 a Umsatzsteuergesetz:DE458289557Redaktionell verantwortlichOleksandra FaraonVerbraucherstreitbeilegung\/UniversalschlichtungsstelleWir nehmen an einem Streitbeilegungsverfahren vor [&hellip;]<\/p>\n","protected":false},"author":1,"featured_media":0,"parent":0,"menu_order":0,"comment_status":"closed","ping_status":"closed","template":"","meta":{"_uag_custom_page_level_css":"","site-sidebar-layout":"default","site-content-layout":"","ast-site-content-layout":"default","site-content-style":"default","site-sidebar-style":"default","ast-global-header-display":"","ast-banner-title-visibility":"","ast-main-header-display":"","ast-hfb-above-header-display":"","ast-hfb-below-header-display":"","ast-hfb-mobile-header-display":"","site-post-title":"disabled","ast-breadcrumbs-content":"","ast-featured-img":"","footer-sml-layout":"","ast-disable-related-posts":"","theme-transparent-header-meta":"","adv-header-id-meta":"","stick-header-meta":"","header-above-stick-meta":"","header-main-stick-meta":"","header-below-stick-meta":"","astra-migrate-meta-layouts":"default","ast-page-background-enabled":"default","ast-page-background-meta":{"desktop":{"background-color":"var(--ast-global-color-5)","background-image":"","background-repeat":"repeat","background-position":"center center","background-size":"auto","background-attachment":"scroll","background-type":"","background-media":"","overlay-type":"","overlay-color":"","overlay-opacity":"","overlay-gradient":""},"tablet":{"background-color":"","background-image":"","background-repeat":"repeat","background-position":"center center","background-size":"auto","background-attachment":"scroll","background-type":"","background-media":"","overlay-type":"","overlay-color":"","overlay-opacity":"","overlay-gradient":""},"mobile":{"background-color":"","background-image":"","background-repeat":"repeat","background-position":"center center","background-size":"auto","background-attachment":"scroll","background-type":"","background-media":"","overlay-type":"","overlay-color":"","overlay-opacity":"","overlay-gradient":""}},"ast-content-background-meta":{"desktop":{"background-color":"var(--ast-global-color-4)","background-image":"","background-repeat":"repeat","background-position":"center center","background-size":"auto","background-attachment":"scroll","background-type":"","background-media":"","overlay-type":"","overlay-color":"","overlay-opacity":"","overlay-gradient":""},"tablet":{"background-color":"var(--ast-global-color-4)","background-image":"","background-repeat":"repeat","background-position":"center center","background-size":"auto","background-attachment":"scroll","background-type":"","background-media":"","overlay-type":"","overlay-color":"","overlay-opacity":"","overlay-gradient":""},"mobile":{"background-color":"var(--ast-global-color-4)","background-image":"","background-repeat":"repeat","background-position":"center center","background-size":"auto","background-attachment":"scroll","background-type":"","background-media":"","overlay-type":"","overlay-color":"","overlay-opacity":"","overlay-gradient":""}},"footnotes":""},"class_list":["post-345","page","type-page","status-publish","hentry"],"uagb_featured_image_src":{"full":false,"thumbnail":false,"medium":false,"medium_large":false,"large":false,"1536x1536":false,"2048x2048":false},"uagb_author_info":{"display_name":"Porosionok","author_link":"https:\/\/faraon-animations.com\/index.php\/author\/porosionok\/"},"uagb_comment_info":0,"uagb_excerpt":"Impressum Oleksandra FaraonGrafikdesign, Illustration, MediendesignWilhelm-Guddorf-Stra\u00dfe10365 BerlinKontaktTelefon: 01631318667E-Mail: faraonsandra@gmail.comUmsatzsteuer-IDUmsatzsteuer-Identifikationsnummer gem\u00e4\u00df \u00a7 27 a Umsatzsteuergesetz:DE458289557Redaktionell verantwortlichOleksandra FaraonVerbraucherstreitbeilegung\/UniversalschlichtungsstelleWir nehmen an einem Streitbeilegungsverfahren vor [&hellip;]","_links":{"self":[{"href":"https:\/\/faraon-animations.com\/index.php\/wp-json\/wp\/v2\/pages\/345","targetHints":{"allow":["GET"]}}],"collection":[{"href":"https:\/\/faraon-animations.com\/index.php\/wp-json\/wp\/v2\/pages"}],"about":[{"href":"https:\/\/faraon-animations.com\/index.php\/wp-json\/wp\/v2\/types\/page"}],"author":[{"embeddable":true,"href":"https:\/\/faraon-animations.com\/index.php\/wp-json\/wp\/v2\/users\/1"}],"replies":[{"embeddable":true,"href":"https:\/\/faraon-animations.com\/index.php\/wp-json\/wp\/v2\/comments?post=345"}],"version-history":[{"count":7,"href":"https:\/\/faraon-animations.com\/index.php\/wp-json\/wp\/v2\/pages\/345\/revisions"}],"predecessor-version":[{"id":833,"href":"https:\/\/faraon-animations.com\/index.php\/wp-json\/wp\/v2\/pages\/345\/revisions\/833"}],"wp:attachment":[{"href":"https:\/\/faraon-animations.com\/index.php\/wp-json\/wp\/v2\/media?parent=345"}],"curies":[{"name":"wp","href":"https:\/\/api.w.org\/{rel}","templated":true}]}}